{"id":339,"date":"2012-02-27T23:27:47","date_gmt":"2012-02-27T23:27:47","guid":{"rendered":"http:\/\/knifemakerluxembourg.lu\/wordpress\/?page_id=339"},"modified":"2020-11-22T01:05:57","modified_gmt":"2020-11-22T01:05:57","slug":"impressum","status":"publish","type":"page","link":"https:\/\/knifemakerluxembourg.lu\/?page_id=339","title":{"rendered":"Impressum"},"content":{"rendered":"<p><strong>Vielen Dank f\u00fcr Ihren Besuch auf meiner Webseite und Ihr Interesse an meinen Produkten.<\/strong><\/p>\n<p>Kreck\u00e9 Antoine<\/p>\n<p>Email: <a href=\"mailto:antoine.krecke@knifemakerluxembourg.lu\">info@knifemakerluxembourg.lu<\/a><\/p>\n<p style=\"text-align: justify;\"><strong>Verantwortungsbereich\u2028&nbsp;<\/strong><\/p>\n<p style=\"text-align: justify;\">Das Impressum gilt nur f\u00fcr die Internetpr\u00e4senz unter der Adresse <a href=\"http:\/\/www.knifemakerluxembourg.lu\">http:\/\/www.knifemakerluxembourg.lu<\/a><\/p>\n<p style=\"text-align: justify;\"><strong>Urheberschutz und Nutzung <\/strong><\/p>\n<p style=\"text-align: justify;\"><strong>\u2028<\/strong>Der Urheber r\u00e4umt Ihnen ganz konkret das Nutzungsrecht ein, sich eine private Kopie \u2028f\u00fcr pers\u00f6nliche Zwecke anzufertigen. Nicht berechtigt sind Sie dagegen, die Materialien\u2028 zu ver\u00e4ndern und \/oder weiter zu geben oder gar selbst zu ver\u00f6ffentlichen.<\/p>\n<p style=\"text-align: justify;\"><strong>Datenschutz<\/strong><\/p>\n<p style=\"text-align: justify;\">\u2028Personenbezogene Daten werden nur mit Ihrem Wissen und Ihrer Einwilligung erhoben. \u2028Auf Antrag erhalten Sie unentgeltlich Auskunft zu den \u00fcber Sie gespeicherten\u2028personenbezogenen Daten. Wenden Sie sich dazu bitte <span style=\"text-decoration: underline;\"><a href=\"mailto:info@knifemakerluxembourg.lu\">info(at)knifermakerluxembourg.lu<\/a><\/span><\/p>\n<p style=\"text-align: justify;\"><strong>Keine Haftung\u2028<\/strong><\/p>\n<p style=\"text-align: justify;\">Die Inhalte dieses Internetpr\u00e4senz wurden sorgf\u00e4ltig gepr\u00fcft und nach bestem Wissen \u2028erstellt. Jedoch wird f\u00fcr die hier dargebotenen Informationen kein Anspruch auf \u2028Vollst\u00e4ndigkeit, Aktualit\u00e4t, Qualit\u00e4t und Richtigkeit erhoben. Es kann keine Verantwortung \u2028f\u00fcr Sch\u00e4den \u00fcbernommen werden, die durch das Vertrauen auf die Inhalte dieser Website oder deren Gebrauch entstehen. F\u00fcr den Inhalt externer Links wird keine Gew\u00e4hrleistung oder Haftung \u00fcbernommen.<\/p>\n<p style=\"text-align: justify;\"><strong>Schutzrechtsverletzung\u2028<\/strong><\/p>\n<p style=\"text-align: justify;\">Falls Sie vermuten, dass von dieser Website aus eines Ihrer Schutzrechte verletzt wird, \u2028teilen Sie das bitte umgehend per elektronischer Post <a href=\"mailto:info@knifemakerluxembourg.lu\">info<span style=\"text-decoration: underline;\">(at)knifermakerluxembourg.lu<\/span>&nbsp;<\/a>mit, damit z\u00fcgig Abhilfe geschafft werden kann.<\/p>\n","protected":false},"excerpt":{"rendered":"<p>Vielen Dank f\u00fcr Ihren Besuch auf meiner Webseite und Ihr Interesse an meinen Produkten. Kreck\u00e9 Antoine Email: info@knifemakerluxembourg.lu Verantwortungsbereich\u2028&nbsp; Das Impressum gilt nur f\u00fcr die Internetpr\u00e4senz unter der Adresse http:\/\/www.knifemakerluxembourg.lu Urheberschutz und Nutzung \u2028Der Urheber r\u00e4umt Ihnen ganz konkret das <a href=\"https:\/\/knifemakerluxembourg.lu\/?page_id=339\"> Read more&#8230;<\/a><\/p>\n","protected":false},"author":3,"featured_media":0,"parent":0,"menu_order":0,"comment_status":"closed","ping_status":"closed","template":"","meta":{"footnotes":""},"class_list":["post-339","page","type-page","status-publish","hentry"],"_links":{"self":[{"href":"https:\/\/knifemakerluxembourg.lu\/index.php?rest_route=\/wp\/v2\/pages\/339","targetHints":{"allow":["GET"]}}],"collection":[{"href":"https:\/\/knifemakerluxembourg.lu\/index.php?rest_route=\/wp\/v2\/pages"}],"about":[{"href":"https:\/\/knifemakerluxembourg.lu\/index.php?rest_route=\/wp\/v2\/types\/page"}],"author":[{"embeddable":true,"href":"https:\/\/knifemakerluxembourg.lu\/index.php?rest_route=\/wp\/v2\/users\/3"}],"replies":[{"embeddable":true,"href":"https:\/\/knifemakerluxembourg.lu\/index.php?rest_route=%2Fwp%2Fv2%2Fcomments&post=339"}],"version-history":[{"count":9,"href":"https:\/\/knifemakerluxembourg.lu\/index.php?rest_route=\/wp\/v2\/pages\/339\/revisions"}],"predecessor-version":[{"id":1949,"href":"https:\/\/knifemakerluxembourg.lu\/index.php?rest_route=\/wp\/v2\/pages\/339\/revisions\/1949"}],"wp:attachment":[{"href":"https:\/\/knifemakerluxembourg.lu\/index.php?rest_route=%2Fwp%2Fv2%2Fmedia&parent=339"}],"curies":[{"name":"wp","href":"https:\/\/api.w.org\/{rel}","templated":true}]}}